{"id":12666,"date":"2022-11-01T21:19:11","date_gmt":"2022-11-01T21:19:11","guid":{"rendered":"http:\/\/www.nicdarkthemes.com\/themes\/charity-foundation\/wp\/demo\/charity-foundation\/?page_id=12666"},"modified":"2025-02-13T10:28:47","modified_gmt":"2025-02-13T15:28:47","slug":"home","status":"publish","type":"page","link":"https:\/\/vidsolidarity.org\/es\/","title":{"rendered":"Inicio"},"content":{"rendered":"<div data-elementor-type=\"wp-page\" data-elementor-id=\"12666\" class=\"elementor elementor-12666\" data-elementor-post-type=\"page\">\n\t\t\t\t<div data-particle_enable=\"false\" data-particle-mobile-disabled=\"false\" class=\"elementor-element elementor-element-d1d751c e-flex e-con-boxed e-con e-parent\" data-id=\"d1d751c\" data-element_type=\"container\">\n\t\t\t\t\t<div class=\"e-con-inner\">\n\t\t\t\t<div class=\"elementor-element elementor-element-af990ec elementor-widget__width-initial elementor--h-position-center elementor--v-position-middle elementor-arrows-position-inside elementor-widget elementor-widget-slides\" data-id=\"af990ec\" data-element_type=\"widget\" data-settings=\"{&quot;transition_speed&quot;:5000,&quot;navigation&quot;:&quot;arrows&quot;,&quot;_animation&quot;:&quot;none&quot;,&quot;autoplay&quot;:&quot;yes&quot;,&quot;pause_on_hover&quot;:&quot;yes&quot;,&quot;pause_on_interaction&quot;:&quot;yes&quot;,&quot;autoplay_speed&quot;:5000,&quot;infinite&quot;:&quot;yes&quot;,&quot;transition&quot;:&quot;slide&quot;}\" data-widget_type=\"slides.default\">\n\t\t\t\t<div class=\"elementor-widget-container\">\n\t\t\t\t\t\t\t<div class=\"elementor-swiper\">\n\t\t\t<div class=\"elementor-slides-wrapper elementor-main-swiper swiper\" dir=\"ltr\" data-animation=\"\">\n\t\t\t\t<div class=\"swiper-wrapper elementor-slides\">\n\t\t\t\t\t\t\t\t\t\t<div class=\"elementor-repeater-item-486bdbf swiper-slide\"><div class=\"swiper-slide-bg elementor-ken-burns elementor-ken-burns--in\" role=\"img\"><\/div><div class=\"swiper-slide-inner\" ><div class=\"swiper-slide-contents\"><div class=\"elementor-slide-heading\">\"La salud mental de un ni\u00f1o es tan importante como su salud f\u00edsica.\"<\/div><div class=\"elementor-slide-description\">Kate Middleton<\/div><div  class=\"elementor-button elementor-slide-button elementor-size-xs\">Clic aqu\u00ed para conocer m\u00e1s sobre esta causa y hacer una donaci\u00f3n<\/div><\/div><\/div><\/div><div class=\"elementor-repeater-item-a9a1184 swiper-slide\"><div class=\"swiper-slide-bg elementor-ken-burns elementor-ken-burns--in\" role=\"img\"><\/div><div class=\"swiper-slide-inner\" ><div class=\"swiper-slide-contents\"><div class=\"elementor-slide-heading\">\"Un libro, un lapicero, un ni\u00f1o y un profesor pueden cambiar el mundo.\"<\/div><div class=\"elementor-slide-description\">.Malala Yousafzai<\/div><div  class=\"elementor-button elementor-slide-button elementor-size-xs\">Clic aqu\u00ed para conocer m\u00e1s sobre esta causa y hacer una donaci\u00f3n<\/div><\/div><\/div><\/div><div class=\"elementor-repeater-item-9ec91c0 swiper-slide\"><div class=\"swiper-slide-bg elementor-ken-burns elementor-ken-burns--in\" role=\"img\"><\/div><div class=\"swiper-slide-inner\" ><div class=\"swiper-slide-contents\"><div class=\"elementor-slide-heading\">\"Nunca es demasiado tarde para tener una infancia feliz.\"<\/div><div class=\"elementor-slide-description\">Tom Robbins<\/div><div  class=\"elementor-button elementor-slide-button elementor-size-xs\">Click Here to learn more about this cause and make a donation<\/div><\/div><\/div><\/div>\t\t\t\t<\/div>\n\t\t\t\t\t\t\t\t\t\t\t\t\t\t\t\t\t\t\t\t<div class=\"elementor-swiper-button elementor-swiper-button-prev\" role=\"button\" tabindex=\"0\">\n\t\t\t\t\t\t\t<svg aria-hidden=\"true\" class=\"e-font-icon-svg e-eicon-chevron-left\" viewbox=\"0 0 1000 1000\" xmlns=\"http:\/\/www.w3.org\/2000\/svg\"><path d=\"M646 125C629 125 613 133 604 142L308 442C296 454 292 471 292 487 292 504 296 521 308 533L604 854C617 867 629 875 646 875 663 875 679 871 692 858 704 846 713 829 713 812 713 796 708 779 692 767L438 487 692 225C700 217 708 204 708 187 708 171 704 154 692 142 675 129 663 125 646 125Z\"><\/path><\/svg>\t\t\t\t\t\t\t<span class=\"elementor-screen-only\">Previous slide<\/span>\n\t\t\t\t\t\t<\/div>\n\t\t\t\t\t\t<div class=\"elementor-swiper-button elementor-swiper-button-next\" role=\"button\" tabindex=\"0\">\n\t\t\t\t\t\t\t<svg aria-hidden=\"true\" class=\"e-font-icon-svg e-eicon-chevron-right\" viewbox=\"0 0 1000 1000\" xmlns=\"http:\/\/www.w3.org\/2000\/svg\"><path d=\"M696 533C708 521 713 504 713 487 713 471 708 454 696 446L400 146C388 133 375 125 354 125 338 125 325 129 313 142 300 154 292 171 292 187 292 204 296 221 308 233L563 492 304 771C292 783 288 800 288 817 288 833 296 850 308 863 321 871 338 875 354 875 371 875 388 867 400 854L696 533Z\"><\/path><\/svg>\t\t\t\t\t\t\t<span class=\"elementor-screen-only\">Next slide<\/span>\n\t\t\t\t\t\t<\/div>\n\t\t\t\t\t\t\t\t\t\t\t\t<\/div>\n\t\t<\/div>\n\t\t\t\t\t\t<\/div>\n\t\t\t\t<\/div>\n\t\t\t\t\t<\/div>\n\t\t\t\t<\/div>\n\t\t<div data-particle_enable=\"false\" data-particle-mobile-disabled=\"false\" class=\"elementor-element elementor-element-5aac80e e-flex e-con-boxed e-con e-parent\" data-id=\"5aac80e\" data-element_type=\"container\" id=\"Improving\">\n\t\t\t\t\t<div class=\"e-con-inner\">\n\t\t\t\t<div class=\"elementor-element elementor-element-e44dc2d elementor-widget elementor-widget-heading\" data-id=\"e44dc2d\" data-element_type=\"widget\" data-widget_type=\"heading.default\">\n\t\t\t\t<div class=\"elementor-widget-container\">\n\t\t\t\t\t<h2 class=\"elementor-heading-title elementor-size-default\">Mejorando la vida de los ni\u00f1os y sus familias<\/h2>\t\t\t\t<\/div>\n\t\t\t\t<\/div>\n\t\t\t\t\t<\/div>\n\t\t\t\t<\/div>\n\t\t<div data-particle_enable=\"false\" data-particle-mobile-disabled=\"false\" class=\"elementor-element elementor-element-9a8f4a0 e-grid e-con-boxed e-con e-parent\" data-id=\"9a8f4a0\" data-element_type=\"container\">\n\t\t\t\t\t<div class=\"e-con-inner\">\n\t\t<div data-particle_enable=\"false\" data-particle-mobile-disabled=\"false\" class=\"elementor-element elementor-element-119c4fa e-flex e-con-boxed e-con e-child\" data-id=\"119c4fa\" data-element_type=\"container\">\n\t\t\t\t\t<div class=\"e-con-inner\">\n\t\t\t\t<div class=\"elementor-element elementor-element-6060cb6 eael-flipbox-content-align-center eael-flipbox-img-default elementor-widget elementor-widget-eael-flip-box\" data-id=\"6060cb6\" data-element_type=\"widget\" data-widget_type=\"eael-flip-box.default\">\n\t\t\t\t<div class=\"elementor-widget-container\">\n\t\t\t\t\t\n        <div class=\"eael-elements-flip-box-container eael-animate-flip eael-animate-left eael-content eael-flip-box-hover\">\n\n            <div class=\"eael-elements-flip-box-flip-card\">\n                <div class=\"eael-elements-flip-box-front-container\">\n\n                    \n                        <div class=\"eael-elements-slider-display-table\">\n                            <div class=\"eael-elements-flip-box-vertical-align\">\n                                <div class=\"eael-elements-flip-box-padding\">\n                                    <div class=\"eael-elements-flip-box-icon-image\">\n                                                                                    <img decoding=\"async\" class=\"eael-flipbox-image-as-icon\" src=\"https:\/\/vidsolidarity.org\/wp-content\/uploads\/2024\/07\/incubadora.gif\" alt=\"\">\n                                                                            <\/div>\n                                    <h3 class=\"eael-elements-flip-box-heading\">Sanando Corazones<\/h3>                                    <div class=\"eael-elements-flip-box-content\">\n\t                                    <p>Brindando a ni\u00f1os enfermos \nuna segunda oportunidad.<\/p>                                    <\/div>\n                                <\/div>\n                            <\/div>\n                        <\/div>\n                                    <\/div>\n\n                <div class=\"eael-elements-flip-box-rear-container\">\n\n                                            <div class=\"eael-elements-slider-display-table\">\n                            <div class=\"eael-elements-flip-box-vertical-align\">\n                                <div class=\"eael-elements-flip-box-padding\">\n                                                                            <div class=\"eael-elements-flip-box-icon-image\">\n                                                                                            <\/div>\n                                                                                                            <h3 class=\"eael-elements-flip-box-heading\">Ay\u00fadanos a salvar vidas de ni\u00f1os<\/h3>\n                                                                        <div class=\"eael-elements-flip-box-content\">\n                                        <p>Apoya al Servicio Pedri\u00e1trico de Cardio VID<\/p>                                    <\/div>\n\n                                                                            <a class=\"flipbox-button\" href=\"#\">\n                                                                                        DONA A ESTA CAUSA                                                                                            <\/a>\n                                                                    <\/div>\n                            <\/div>\n                        <\/div>\n                                    <\/div>\n            <\/div>\n        <\/div>\n\n        <script>\n            jQuery(document).ready(function( $ ) {\n                $(\".eael-flip-box-click\").off('click').on( 'click', function( event ) {\n                    $(this).toggleClass( '--active' );\n                });\n            });\n        <\/script>\n\n\t\t\t\t<\/div>\n\t\t\t\t<\/div>\n\t\t\t\t\t<\/div>\n\t\t\t\t<\/div>\n\t\t<div data-particle_enable=\"false\" data-particle-mobile-disabled=\"false\" class=\"elementor-element elementor-element-480d74f e-flex e-con-boxed e-con e-child\" data-id=\"480d74f\" data-element_type=\"container\">\n\t\t\t\t\t<div class=\"e-con-inner\">\n\t\t\t\t<div class=\"elementor-element elementor-element-0ac6ef7 eael-flipbox-content-align-center eael-flipbox-img-default elementor-widget elementor-widget-eael-flip-box\" data-id=\"0ac6ef7\" data-element_type=\"widget\" data-widget_type=\"eael-flip-box.default\">\n\t\t\t\t<div class=\"elementor-widget-container\">\n\t\t\t\t\t\n        <div class=\"eael-elements-flip-box-container eael-animate-flip eael-animate-up eael-content eael-flip-box-hover\">\n\n            <div class=\"eael-elements-flip-box-flip-card\">\n                <div class=\"eael-elements-flip-box-front-container\">\n\n                    \n                        <div class=\"eael-elements-slider-display-table\">\n                            <div class=\"eael-elements-flip-box-vertical-align\">\n                                <div class=\"eael-elements-flip-box-padding\">\n                                    <div class=\"eael-elements-flip-box-icon-image\">\n                                                                                    <img decoding=\"async\" class=\"eael-flipbox-image-as-icon\" src=\"https:\/\/vidsolidarity.org\/wp-content\/uploads\/2025\/02\/Colegio-1.png\" alt=\"\">\n                                                                            <\/div>\n                                    <h3 class=\"eael-elements-flip-box-heading\">Construyendo el Futuro<\/h3>                                    <div class=\"eael-elements-flip-box-content\">\n\t                                    <p>Educando los ni\u00f1os  de hoy como constructores del ma\u00f1ana<\/p>                                    <\/div>\n                                <\/div>\n                            <\/div>\n                        <\/div>\n                                    <\/div>\n\n                <div class=\"eael-elements-flip-box-rear-container\">\n\n                                            <div class=\"eael-elements-slider-display-table\">\n                            <div class=\"eael-elements-flip-box-vertical-align\">\n                                <div class=\"eael-elements-flip-box-padding\">\n                                                                            <div class=\"eael-elements-flip-box-icon-image\">\n                                                                                            <\/div>\n                                                                                                            <h3 class=\"eael-elements-flip-box-heading\">Construyamos entre todos el futuro<\/h3>\n                                                                        <div class=\"eael-elements-flip-box-content\">\n                                        <p>\u00a0Patrocina la beca escolar de un ni\u00f1o o ni\u00f1a<\/p>                                    <\/div>\n\n                                                                            <a class=\"flipbox-button\" href=\"#\">\n                                                                                        DONA A ESTA CAUSA                                                                                            <\/a>\n                                                                    <\/div>\n                            <\/div>\n                        <\/div>\n                                    <\/div>\n            <\/div>\n        <\/div>\n\n        <script>\n            jQuery(document).ready(function( $ ) {\n                $(\".eael-flip-box-click\").off('click').on( 'click', function( event ) {\n                    $(this).toggleClass( '--active' );\n                });\n            });\n        <\/script>\n\n\t\t\t\t<\/div>\n\t\t\t\t<\/div>\n\t\t\t\t\t<\/div>\n\t\t\t\t<\/div>\n\t\t<div data-particle_enable=\"false\" data-particle-mobile-disabled=\"false\" class=\"elementor-element elementor-element-5b363b0 e-flex e-con-boxed e-con e-child\" data-id=\"5b363b0\" data-element_type=\"container\">\n\t\t\t\t\t<div class=\"e-con-inner\">\n\t\t\t\t<div class=\"elementor-element elementor-element-90bc142 eael-flipbox-content-align-center eael-flipbox-img-default elementor-widget elementor-widget-eael-flip-box\" data-id=\"90bc142\" data-element_type=\"widget\" data-widget_type=\"eael-flip-box.default\">\n\t\t\t\t<div class=\"elementor-widget-container\">\n\t\t\t\t\t\n        <div class=\"eael-elements-flip-box-container eael-animate-flip eael-animate-left eael-content eael-flip-box-hover\">\n\n            <div class=\"eael-elements-flip-box-flip-card\">\n                <div class=\"eael-elements-flip-box-front-container\">\n\n                    \n                        <div class=\"eael-elements-slider-display-table\">\n                            <div class=\"eael-elements-flip-box-vertical-align\">\n                                <div class=\"eael-elements-flip-box-padding\">\n                                    <div class=\"eael-elements-flip-box-icon-image\">\n                                                                                    <img decoding=\"async\" class=\"eael-flipbox-image-as-icon\" src=\"https:\/\/vidsolidarity.org\/wp-content\/uploads\/2024\/09\/Imagen1.jpg\" alt=\"\">\n                                                                            <\/div>\n                                    <h3 class=\"eael-elements-flip-box-heading\">Mi Espacio Seguro<\/h3>                                    <div class=\"eael-elements-flip-box-content\">\n\t                                    <p>Apoyo psicosocial a ni\u00f1os, ni\u00f1as, adolescentes y sus familias<\/p>                                    <\/div>\n                                <\/div>\n                            <\/div>\n                        <\/div>\n                                    <\/div>\n\n                <div class=\"eael-elements-flip-box-rear-container\">\n\n                                            <div class=\"eael-elements-slider-display-table\">\n                            <div class=\"eael-elements-flip-box-vertical-align\">\n                                <div class=\"eael-elements-flip-box-padding\">\n                                                                            <div class=\"eael-elements-flip-box-icon-image\">\n                                                                                            <\/div>\n                                                                                                            <h3 class=\"eael-elements-flip-box-heading\">Cuidemos su salud mental<\/h3>\n                                                                        <div class=\"eael-elements-flip-box-content\">\n                                        <p>Patrocina el tratamiento psico-social de un ni\u00f1o o ni\u00f1a.<\/p>                                    <\/div>\n\n                                                                            <a class=\"flipbox-button\" href=\"#\">\n                                                                                        DONA A ESTA CAUSA                                                                                            <\/a>\n                                                                    <\/div>\n                            <\/div>\n                        <\/div>\n                                    <\/div>\n            <\/div>\n        <\/div>\n\n        <script>\n            jQuery(document).ready(function( $ ) {\n                $(\".eael-flip-box-click\").off('click').on( 'click', function( event ) {\n                    $(this).toggleClass( '--active' );\n                });\n            });\n        <\/script>\n\n\t\t\t\t<\/div>\n\t\t\t\t<\/div>\n\t\t\t\t\t<\/div>\n\t\t\t\t<\/div>\n\t\t\t\t\t<\/div>\n\t\t\t\t<\/div>\n\t\t\t\t<\/div>","protected":false},"excerpt":{"rendered":"<p>&#8220;A child\u00b4s mental Health is just important as their physical health&#8221;Kate MiddletonClick here to learn more about this cause and make a donation\u201cOne book, one pen, one child and one [&hellip;]<\/p>","protected":false},"author":2,"featured_media":0,"parent":0,"menu_order":0,"comment_status":"closed","ping_status":"closed","template":"","meta":{"footnotes":""},"class_list":["post-12666","page","type-page","status-publish","hentry"],"jetpack_sharing_enabled":true,"_links":{"self":[{"href":"https:\/\/vidsolidarity.org\/es\/wp-json\/wp\/v2\/pages\/12666","targetHints":{"allow":["GET"]}}],"collection":[{"href":"https:\/\/vidsolidarity.org\/es\/wp-json\/wp\/v2\/pages"}],"about":[{"href":"https:\/\/vidsolidarity.org\/es\/wp-json\/wp\/v2\/types\/page"}],"author":[{"embeddable":true,"href":"https:\/\/vidsolidarity.org\/es\/wp-json\/wp\/v2\/users\/2"}],"replies":[{"embeddable":true,"href":"https:\/\/vidsolidarity.org\/es\/wp-json\/wp\/v2\/comments?post=12666"}],"version-history":[{"count":302,"href":"https:\/\/vidsolidarity.org\/es\/wp-json\/wp\/v2\/pages\/12666\/revisions"}],"predecessor-version":[{"id":16752,"href":"https:\/\/vidsolidarity.org\/es\/wp-json\/wp\/v2\/pages\/12666\/revisions\/16752"}],"wp:attachment":[{"href":"https:\/\/vidsolidarity.org\/es\/wp-json\/wp\/v2\/media?parent=12666"}],"curies":[{"name":"wp","href":"https:\/\/api.w.org\/{rel}","templated":true}]}}