{"id":15883,"date":"2024-09-19T14:52:01","date_gmt":"2024-09-19T19:52:01","guid":{"rendered":"https:\/\/vidsolidarity.org\/?page_id=15883"},"modified":"2025-02-21T10:05:43","modified_gmt":"2025-02-21T15:05:43","slug":"elementor-15883","status":"publish","type":"page","link":"https:\/\/vidsolidarity.org\/es\/elementor-15883\/","title":{"rendered":"Apoya nuestras causas"},"content":{"rendered":"<div data-elementor-type=\"wp-page\" data-elementor-id=\"15883\" class=\"elementor elementor-15883\" data-elementor-post-type=\"page\">\n\t\t\t\t<div data-particle_enable=\"false\" data-particle-mobile-disabled=\"false\" class=\"elementor-element elementor-element-9335f7c e-flex e-con-boxed e-con e-parent\" data-id=\"9335f7c\" data-element_type=\"container\">\n\t\t\t\t\t<div class=\"e-con-inner\">\n\t\t\t\t<div class=\"elementor-element elementor-element-8d34ca0 elementor-widget elementor-widget-heading\" data-id=\"8d34ca0\" data-element_type=\"widget\" data-widget_type=\"heading.default\">\n\t\t\t\t<div class=\"elementor-widget-container\">\n\t\t\t\t\t<h2 class=\"elementor-heading-title elementor-size-default\">Apoya nuestras causas<\/h2>\t\t\t\t<\/div>\n\t\t\t\t<\/div>\n\t\t\t\t\t<\/div>\n\t\t\t\t<\/div>\n\t\t<div data-particle_enable=\"false\" data-particle-mobile-disabled=\"false\" class=\"elementor-element elementor-element-a364afd e-flex e-con-boxed e-con e-parent\" data-id=\"a364afd\" data-element_type=\"container\">\n\t\t\t\t\t<div class=\"e-con-inner\">\n\t\t\t\t<div class=\"elementor-element elementor-element-fca7693 elementor-widget elementor-widget-text-editor\" data-id=\"fca7693\" data-element_type=\"widget\" data-widget_type=\"text-editor.default\">\n\t\t\t\t<div class=\"elementor-widget-container\">\n\t\t\t\t\t\t\t\t\t<p>Al apoyar nuestras causas nos est\u00e1s ayudando a mejorar la calidad de vida de miles de ni\u00f1os, ni\u00f1as y adolescentes en Colombia, muchos de los cuales se encuentran en situaci\u00f3n de vulnerabilidad debido a diversas situaciones econ\u00f3micas, sociales y de su entorno.<\/p><p>Con tu aporte los beneficiaremos a ellos y sus familias en tres campos de acci\u00f3n:<\/p><p><strong>TRATAMIENTOS PEDI\u00c1TRICOS DE ALTA COMPLEJIDAD<\/strong><\/p><p><strong>APOYO EN SALUD MENTAL Y PSICOSOCIAL<\/strong><\/p><p><strong>EDUCACI\u00d3N DE CALIDAD BASADA EN VALORES\u00a0<\/strong>\u00a0<\/p>\t\t\t\t\t\t\t\t<\/div>\n\t\t\t\t<\/div>\n\t\t\t\t\t<\/div>\n\t\t\t\t<\/div>\n\t\t<div data-particle_enable=\"false\" data-particle-mobile-disabled=\"false\" class=\"elementor-element elementor-element-3680f7a e-flex e-con-boxed e-con e-parent\" data-id=\"3680f7a\" data-element_type=\"container\">\n\t\t\t\t\t<div class=\"e-con-inner\">\n\t\t<div data-particle_enable=\"false\" data-particle-mobile-disabled=\"false\" class=\"elementor-element elementor-element-2e8ff35 e-con-full e-flex e-con e-child\" data-id=\"2e8ff35\" data-element_type=\"container\">\n\t\t\t\t<div class=\"elementor-element elementor-element-7ae9eff elementor-widget elementor-widget-image\" data-id=\"7ae9eff\" data-element_type=\"widget\" data-widget_type=\"image.default\">\n\t\t\t\t<div class=\"elementor-widget-container\">\n\t\t\t\t\t\t\t\t\t\t\t\t\t\t\t<img fetchpriority=\"high\" decoding=\"async\" width=\"1024\" height=\"509\" src=\"https:\/\/vidsolidarity.org\/wp-content\/uploads\/2024\/10\/Building-our-future-1-1024x509.png\" class=\"attachment-large size-large wp-image-16144\" alt=\"\" srcset=\"https:\/\/vidsolidarity.org\/wp-content\/uploads\/2024\/10\/Building-our-future-1-1024x509.png 1024w, https:\/\/vidsolidarity.org\/wp-content\/uploads\/2024\/10\/Building-our-future-1-300x149.png 300w, https:\/\/vidsolidarity.org\/wp-content\/uploads\/2024\/10\/Building-our-future-1-768x382.png 768w, https:\/\/vidsolidarity.org\/wp-content\/uploads\/2024\/10\/Building-our-future-1-1536x763.png 1536w, https:\/\/vidsolidarity.org\/wp-content\/uploads\/2024\/10\/Building-our-future-1-18x9.png 18w, https:\/\/vidsolidarity.org\/wp-content\/uploads\/2024\/10\/Building-our-future-1-1320x656.png 1320w, https:\/\/vidsolidarity.org\/wp-content\/uploads\/2024\/10\/Building-our-future-1-600x298.png 600w, https:\/\/vidsolidarity.org\/wp-content\/uploads\/2024\/10\/Building-our-future-1.png 1572w\" sizes=\"(max-width: 1024px) 100vw, 1024px\" \/>\t\t\t\t\t\t\t\t\t\t\t\t\t\t\t<\/div>\n\t\t\t\t<\/div>\n\t\t\t\t<div class=\"elementor-element elementor-element-d38482f elementor-widget__width-initial elementor-widget elementor-widget-heading\" data-id=\"d38482f\" data-element_type=\"widget\" data-widget_type=\"heading.default\">\n\t\t\t\t<div class=\"elementor-widget-container\">\n\t\t\t\t\t<h2 class=\"elementor-heading-title elementor-size-default\">Construyendo el Futuro<\/h2>\t\t\t\t<\/div>\n\t\t\t\t<\/div>\n\t\t\t\t<div class=\"elementor-element elementor-element-ea0207b elementor-align-center elementor-widget elementor-widget-button\" data-id=\"ea0207b\" data-element_type=\"widget\" data-widget_type=\"button.default\">\n\t\t\t\t<div class=\"elementor-widget-container\">\n\t\t\t\t\t\t\t\t\t<div class=\"elementor-button-wrapper\">\n\t\t\t\t\t<a class=\"elementor-button elementor-button-link elementor-size-sm\" href=\"https:\/\/vidsolidarity.org\/es\/building-our-future\/\">\n\t\t\t\t\t\t<span class=\"elementor-button-content-wrapper\">\n\t\t\t\t\t\t\t\t\t<span class=\"elementor-button-text\">Clic aqu\u00ed para conocer m\u00e1s y donar<\/span>\n\t\t\t\t\t<\/span>\n\t\t\t\t\t<\/a>\n\t\t\t\t<\/div>\n\t\t\t\t\t\t\t\t<\/div>\n\t\t\t\t<\/div>\n\t\t\t\t<\/div>\n\t\t<div data-particle_enable=\"false\" data-particle-mobile-disabled=\"false\" class=\"elementor-element elementor-element-e2dac4f e-con-full e-flex e-con e-child\" data-id=\"e2dac4f\" data-element_type=\"container\">\n\t\t\t\t<div class=\"elementor-element elementor-element-0162b50 elementor-widget elementor-widget-image\" data-id=\"0162b50\" data-element_type=\"widget\" data-widget_type=\"image.default\">\n\t\t\t\t<div class=\"elementor-widget-container\">\n\t\t\t\t\t\t\t\t\t\t\t\t\t\t\t<img decoding=\"async\" width=\"1024\" height=\"509\" src=\"https:\/\/vidsolidarity.org\/wp-content\/uploads\/2024\/10\/Giving-Hearts-1024x509.png\" class=\"attachment-large size-large wp-image-16149\" alt=\"\" srcset=\"https:\/\/vidsolidarity.org\/wp-content\/uploads\/2024\/10\/Giving-Hearts-1024x509.png 1024w, https:\/\/vidsolidarity.org\/wp-content\/uploads\/2024\/10\/Giving-Hearts-300x149.png 300w, https:\/\/vidsolidarity.org\/wp-content\/uploads\/2024\/10\/Giving-Hearts-768x382.png 768w, https:\/\/vidsolidarity.org\/wp-content\/uploads\/2024\/10\/Giving-Hearts-1536x763.png 1536w, https:\/\/vidsolidarity.org\/wp-content\/uploads\/2024\/10\/Giving-Hearts-18x9.png 18w, https:\/\/vidsolidarity.org\/wp-content\/uploads\/2024\/10\/Giving-Hearts-1320x656.png 1320w, https:\/\/vidsolidarity.org\/wp-content\/uploads\/2024\/10\/Giving-Hearts-600x298.png 600w, https:\/\/vidsolidarity.org\/wp-content\/uploads\/2024\/10\/Giving-Hearts.png 1572w\" sizes=\"(max-width: 1024px) 100vw, 1024px\" \/>\t\t\t\t\t\t\t\t\t\t\t\t\t\t\t<\/div>\n\t\t\t\t<\/div>\n\t\t\t\t<div class=\"elementor-element elementor-element-436bdf4 elementor-widget__width-initial elementor-widget elementor-widget-heading\" data-id=\"436bdf4\" data-element_type=\"widget\" data-widget_type=\"heading.default\">\n\t\t\t\t<div class=\"elementor-widget-container\">\n\t\t\t\t\t<h2 class=\"elementor-heading-title elementor-size-default\">Sanando Corazones<\/h2>\t\t\t\t<\/div>\n\t\t\t\t<\/div>\n\t\t\t\t<div class=\"elementor-element elementor-element-22cf32c elementor-align-center elementor-widget elementor-widget-button\" data-id=\"22cf32c\" data-element_type=\"widget\" data-widget_type=\"button.default\">\n\t\t\t\t<div class=\"elementor-widget-container\">\n\t\t\t\t\t\t\t\t\t<div class=\"elementor-button-wrapper\">\n\t\t\t\t\t<a class=\"elementor-button elementor-button-link elementor-size-sm\" href=\"https:\/\/vidsolidarity.org\/es\/h\/\">\n\t\t\t\t\t\t<span class=\"elementor-button-content-wrapper\">\n\t\t\t\t\t\t\t\t\t<span class=\"elementor-button-text\">Clic aqu\u00ed para conocer m\u00e1s y donar<\/span>\n\t\t\t\t\t<\/span>\n\t\t\t\t\t<\/a>\n\t\t\t\t<\/div>\n\t\t\t\t\t\t\t\t<\/div>\n\t\t\t\t<\/div>\n\t\t\t\t<\/div>\n\t\t<div data-particle_enable=\"false\" data-particle-mobile-disabled=\"false\" class=\"elementor-element elementor-element-e6fb304 e-con-full e-flex e-con e-child\" data-id=\"e6fb304\" data-element_type=\"container\">\n\t\t\t\t<div class=\"elementor-element elementor-element-ff39531 elementor-widget elementor-widget-image\" data-id=\"ff39531\" data-element_type=\"widget\" data-widget_type=\"image.default\">\n\t\t\t\t<div class=\"elementor-widget-container\">\n\t\t\t\t\t\t\t\t\t\t\t\t\t\t\t<img decoding=\"async\" width=\"714\" height=\"355\" src=\"https:\/\/vidsolidarity.org\/wp-content\/uploads\/2024\/10\/Ous-safe-space.png\" class=\"attachment-large size-large wp-image-16150\" alt=\"\" srcset=\"https:\/\/vidsolidarity.org\/wp-content\/uploads\/2024\/10\/Ous-safe-space.png 714w, https:\/\/vidsolidarity.org\/wp-content\/uploads\/2024\/10\/Ous-safe-space-300x149.png 300w, https:\/\/vidsolidarity.org\/wp-content\/uploads\/2024\/10\/Ous-safe-space-18x9.png 18w, https:\/\/vidsolidarity.org\/wp-content\/uploads\/2024\/10\/Ous-safe-space-600x298.png 600w\" sizes=\"(max-width: 714px) 100vw, 714px\" \/>\t\t\t\t\t\t\t\t\t\t\t\t\t\t\t<\/div>\n\t\t\t\t<\/div>\n\t\t\t\t<div class=\"elementor-element elementor-element-17e4fa1 elementor-widget__width-initial elementor-widget elementor-widget-heading\" data-id=\"17e4fa1\" data-element_type=\"widget\" data-widget_type=\"heading.default\">\n\t\t\t\t<div class=\"elementor-widget-container\">\n\t\t\t\t\t<h2 class=\"elementor-heading-title elementor-size-default\">Mi Espacio Seguro<\/h2>\t\t\t\t<\/div>\n\t\t\t\t<\/div>\n\t\t\t\t<div class=\"elementor-element elementor-element-fb797a2 elementor-align-center elementor-widget elementor-widget-button\" data-id=\"fb797a2\" data-element_type=\"widget\" data-widget_type=\"button.default\">\n\t\t\t\t<div class=\"elementor-widget-container\">\n\t\t\t\t\t\t\t\t\t<div class=\"elementor-button-wrapper\">\n\t\t\t\t\t<a class=\"elementor-button elementor-button-link elementor-size-sm\" href=\"https:\/\/vidsolidarity.org\/es\/our-safe-space\/\">\n\t\t\t\t\t\t<span class=\"elementor-button-content-wrapper\">\n\t\t\t\t\t\t\t\t\t<span class=\"elementor-button-text\">Clic aqu\u00ed para conocer m\u00e1s y donar<\/span>\n\t\t\t\t\t<\/span>\n\t\t\t\t\t<\/a>\n\t\t\t\t<\/div>\n\t\t\t\t\t\t\t\t<\/div>\n\t\t\t\t<\/div>\n\t\t\t\t<\/div>\n\t\t\t\t\t<\/div>\n\t\t\t\t<\/div>\n\t\t\t\t<\/div>","protected":false},"excerpt":{"rendered":"<p>Support our causes By supporting our causes you are helping us improve the quality of life to thousands of children in Colombia, many of which are in situation of vulnerability [&hellip;]<\/p>","protected":false},"author":2,"featured_media":0,"parent":0,"menu_order":0,"comment_status":"closed","ping_status":"closed","template":"","meta":{"footnotes":""},"class_list":["post-15883","page","type-page","status-publish","hentry"],"jetpack_sharing_enabled":true,"_links":{"self":[{"href":"https:\/\/vidsolidarity.org\/es\/wp-json\/wp\/v2\/pages\/15883","targetHints":{"allow":["GET"]}}],"collection":[{"href":"https:\/\/vidsolidarity.org\/es\/wp-json\/wp\/v2\/pages"}],"about":[{"href":"https:\/\/vidsolidarity.org\/es\/wp-json\/wp\/v2\/types\/page"}],"author":[{"embeddable":true,"href":"https:\/\/vidsolidarity.org\/es\/wp-json\/wp\/v2\/users\/2"}],"replies":[{"embeddable":true,"href":"https:\/\/vidsolidarity.org\/es\/wp-json\/wp\/v2\/comments?post=15883"}],"version-history":[{"count":33,"href":"https:\/\/vidsolidarity.org\/es\/wp-json\/wp\/v2\/pages\/15883\/revisions"}],"predecessor-version":[{"id":17101,"href":"https:\/\/vidsolidarity.org\/es\/wp-json\/wp\/v2\/pages\/15883\/revisions\/17101"}],"wp:attachment":[{"href":"https:\/\/vidsolidarity.org\/es\/wp-json\/wp\/v2\/media?parent=15883"}],"curies":[{"name":"wp","href":"https:\/\/api.w.org\/{rel}","templated":true}]}}