{"id":16157,"date":"2024-10-02T11:24:26","date_gmt":"2024-10-02T16:24:26","guid":{"rendered":"https:\/\/vidsolidarity.org\/?page_id=16157"},"modified":"2025-02-25T12:04:54","modified_gmt":"2025-02-25T17:04:54","slug":"h","status":"publish","type":"page","link":"https:\/\/vidsolidarity.org\/es\/h\/","title":{"rendered":"Sanando Corazones"},"content":{"rendered":"<div data-elementor-type=\"wp-page\" data-elementor-id=\"16157\" class=\"elementor elementor-16157\" data-elementor-post-type=\"page\">\n\t\t\t\t<div data-particle_enable=\"false\" data-particle-mobile-disabled=\"false\" class=\"elementor-element elementor-element-010d797 e-flex e-con-boxed e-con e-parent\" data-id=\"010d797\" data-element_type=\"container\">\n\t\t\t\t\t<div class=\"e-con-inner\">\n\t\t\t\t<div class=\"elementor-element elementor-element-aa6b3b7 elementor-widget elementor-widget-heading\" data-id=\"aa6b3b7\" data-element_type=\"widget\" data-widget_type=\"heading.default\">\n\t\t\t\t<div class=\"elementor-widget-container\">\n\t\t\t\t\t<h2 class=\"elementor-heading-title elementor-size-default\">Sanando Corazones <\/h2>\t\t\t\t<\/div>\n\t\t\t\t<\/div>\n\t\t\t\t<div class=\"elementor-element elementor-element-1c0a820 elementor-widget__width-initial elementor-widget elementor-widget-heading\" data-id=\"1c0a820\" data-element_type=\"widget\" data-widget_type=\"heading.default\">\n\t\t\t\t<div class=\"elementor-widget-container\">\n\t\t\t\t\t<h2 class=\"elementor-heading-title elementor-size-default\">Unidos por una causa com\u00fan: Los ni\u00f1os atendidos en la Cl\u00ednica Cardio VID<br><\/h2>\t\t\t\t<\/div>\n\t\t\t\t<\/div>\n\t\t\t\t<div class=\"elementor-element elementor-element-6ff0761 elementor-widget elementor-widget-eael-adv-tabs\" data-id=\"6ff0761\" data-element_type=\"widget\" data-widget_type=\"eael-adv-tabs.default\">\n\t\t\t\t<div class=\"elementor-widget-container\">\n\t\t\t\t\t        <div data-scroll-on-click=\"no\" data-scroll-speed=\"300\" id=\"eael-advance-tabs-6ff0761\" class=\"eael-advance-tabs eael-tabs-horizontal eael-tab-auto-active\" data-tabid=\"6ff0761\">\n            <div class=\"eael-tabs-nav\">\n                <ul class=\"eael-tab-inline-icon\" role=\"tablist\">\n                                            <li id=\"the-situation\" class=\"inactive eael-tab-item-trigger eael-tab-nav-item\" aria-selected=\"true\" data-tab=\"1\" role=\"tab\" tabindex=\"0\" aria-controls=\"the-situation-tab\" aria-expanded=\"false\">\n                            \n                                                                <svg class=\"e-font-icon-svg e-fas-bullseye\" viewbox=\"0 0 496 512\" xmlns=\"http:\/\/www.w3.org\/2000\/svg\"><path d=\"M248 8C111.03 8 0 119.03 0 256s111.03 248 248 248 248-111.03 248-248S384.97 8 248 8zm0 432c-101.69 0-184-82.29-184-184 0-101.69 82.29-184 184-184 101.69 0 184 82.29 184 184 0 101.69-82.29 184-184 184zm0-312c-70.69 0-128 57.31-128 128s57.31 128 128 128 128-57.31 128-128-57.31-128-128-128zm0 192c-35.29 0-64-28.71-64-64s28.71-64 64-64 64 28.71 64 64-28.71 64-64 64z\"><\/path><\/svg>                                                            \n                                                            <span class=\"eael-tab-title title-after-icon\" >La Problem\u00e1tica<\/span>                            \n                                                    <\/li>\n                                            <li id=\"our-contribution\" class=\"inactive eael-tab-item-trigger eael-tab-nav-item\" aria-selected=\"false\" data-tab=\"2\" role=\"tab\" tabindex=\"-1\" aria-controls=\"our-contribution-tab\" aria-expanded=\"false\">\n                            \n                                                                <svg class=\"e-font-icon-svg e-fas-heart\" viewbox=\"0 0 512 512\" xmlns=\"http:\/\/www.w3.org\/2000\/svg\"><path d=\"M462.3 62.6C407.5 15.9 326 24.3 275.7 76.2L256 96.5l-19.7-20.3C186.1 24.3 104.5 15.9 49.7 62.6c-62.8 53.6-66.1 149.8-9.9 207.9l193.5 199.8c12.5 12.9 32.8 12.9 45.3 0l193.5-199.8c56.3-58.1 53-154.3-9.8-207.9z\"><\/path><\/svg>                                                            \n                                                            <span class=\"eael-tab-title title-after-icon\" >Nuestra Contribuci\u00f3n<\/span>                            \n                                                    <\/li>\n                                            <li id=\"with-your-support\" class=\"inactive eael-tab-item-trigger eael-tab-nav-item\" aria-selected=\"false\" data-tab=\"3\" role=\"tab\" tabindex=\"-1\" aria-controls=\"with-your-support-tab\" aria-expanded=\"false\">\n                            \n                                                                <svg class=\"e-font-icon-svg e-fas-hand-holding-medical\" viewbox=\"0 0 576 512\" xmlns=\"http:\/\/www.w3.org\/2000\/svg\"><path d=\"M159.88,175.82h64v64a16,16,0,0,0,16,16h64a16,16,0,0,0,16-16v-64h64a16,16,0,0,0,16-16v-64a16,16,0,0,0-16-16h-64v-64a16,16,0,0,0-16-16h-64a16,16,0,0,0-16,16v64h-64a16,16,0,0,0-16,16v64A16,16,0,0,0,159.88,175.82ZM568.07,336.13a39.91,39.91,0,0,0-55.93-8.47L392.47,415.84H271.86a16,16,0,0,1,0-32H350.1c16,0,30.75-10.87,33.37-26.61a32.06,32.06,0,0,0-31.62-37.38h-160a117.7,117.7,0,0,0-74.12,26.25l-46.5,37.74H15.87a16.11,16.11,0,0,0-16,16v96a16.11,16.11,0,0,0,16,16h347a104.8,104.8,0,0,0,61.7-20.27L559.6,392A40,40,0,0,0,568.07,336.13Z\"><\/path><\/svg>                                                            \n                                                            <span class=\"eael-tab-title title-after-icon\" >With Your Support&#8230;<\/span>                            \n                                                    <\/li>\n                                    <\/ul>\n            <\/div>\n            \n            <div class=\"eael-tabs-content\">\n\t\t        \n                    <div id=\"the-situation-tab\" class=\"clearfix eael-tab-content-item inactive\" data-title-link=\"the-situation-tab\">\n\t\t\t\t        <p><img decoding=\"async\" class=\"alignleft wp-image-16170\" src=\"https:\/\/vidsolidarity.org\/wp-content\/uploads\/2024\/10\/Bebe-1re-ano-scaled-e1739898074433-300x223.jpg\" alt=\"\" width=\"252\" height=\"187\" srcset=\"https:\/\/vidsolidarity.org\/wp-content\/uploads\/2024\/10\/Bebe-1re-ano-scaled-e1739898074433-300x223.jpg 300w, https:\/\/vidsolidarity.org\/wp-content\/uploads\/2024\/10\/Bebe-1re-ano-scaled-e1739898074433-1024x760.jpg 1024w, https:\/\/vidsolidarity.org\/wp-content\/uploads\/2024\/10\/Bebe-1re-ano-scaled-e1739898074433-768x570.jpg 768w, https:\/\/vidsolidarity.org\/wp-content\/uploads\/2024\/10\/Bebe-1re-ano-scaled-e1739898074433-1536x1140.jpg 1536w, https:\/\/vidsolidarity.org\/wp-content\/uploads\/2024\/10\/Bebe-1re-ano-scaled-e1739898074433-2048x1521.jpg 2048w, https:\/\/vidsolidarity.org\/wp-content\/uploads\/2024\/10\/Bebe-1re-ano-scaled-e1739898074433-16x12.jpg 16w, https:\/\/vidsolidarity.org\/wp-content\/uploads\/2024\/10\/Bebe-1re-ano-scaled-e1739898074433-1320x980.jpg 1320w, https:\/\/vidsolidarity.org\/wp-content\/uploads\/2024\/10\/Bebe-1re-ano-scaled-e1739898074433-600x445.jpg 600w\" sizes=\"(max-width: 252px) 100vw, 252px\" \/><\/p><p>Se estima que de los m\u00e1s de 135 millones de ni\u00f1os y ni\u00f1as que nacen al a\u00f1o en el planeta, alrededor de <strong>cuatro millones morir\u00e1n durante su primer a\u00f1o<\/strong> <strong>como consecuencia de cardiopat\u00edas cong\u00e9nitas.<\/strong><\/p><p><strong>Uno de cada 33 neonatos es afectado por una anomal\u00eda cong\u00e9nita<\/strong>, las cuales generan 3.2 millones de discapacidades por a\u00f1o y, seg\u00fan la Organizaci\u00f3n Mundial de la Salud, aproximadamente <strong>434,000 muertes debido a defectos cong\u00e9nitos, incluyendo cardiopat\u00edas.<\/strong><\/p><p>Esto se debe en gran medida a la falta de atenci\u00f3n adecuada durante el primer a\u00f1o de vida, con <strong>el 97% de estos casos ocurriendo en pa\u00edses con bajos medianos ingresos como Colombia,<\/strong>, donde solo <strong>2.434 de7.021 ni\u00f1os en necesidad de tratamiento lo reciben.<\/strong><\/p>                    <\/div>\n\t\t        \n                    <div id=\"our-contribution-tab\" class=\"clearfix eael-tab-content-item inactive\" data-title-link=\"our-contribution-tab\">\n\t\t\t\t        <p><img fetchpriority=\"high\" decoding=\"async\" class=\"size-medium wp-image-15084 alignleft\" src=\"https:\/\/vidsolidarity.org\/wp-content\/uploads\/2024\/06\/New-y-events-300x221.jpg\" alt=\"\" width=\"300\" height=\"221\" srcset=\"https:\/\/vidsolidarity.org\/wp-content\/uploads\/2024\/06\/New-y-events-300x221.jpg 300w, https:\/\/vidsolidarity.org\/wp-content\/uploads\/2024\/06\/New-y-events-768x564.jpg 768w, https:\/\/vidsolidarity.org\/wp-content\/uploads\/2024\/06\/New-y-events-600x441.jpg 600w, https:\/\/vidsolidarity.org\/wp-content\/uploads\/2024\/06\/New-y-events.jpg 800w\" sizes=\"(max-width: 300px) 100vw, 300px\" \/><\/p><p>Desde 1966, la Cl\u00ednica Cardio VID ofrece  servicios de salud a ni\u00f1os y familias necesitadas, centr\u00e1ndose en el tratamiento de enfermedades pedi\u00e1tricas del coraz\u00f3n, los pulmones y el pecho, convirti\u00e9ndose en una de las pocas instituciones en Colombia que se ocupa de esta situaci\u00f3n espec\u00edfica.<\/p><p>Enfermedades como los defectos del ventr\u00edculo \u00fanico solo son tratadas por dos instituciones en el pa\u00eds, una de ellas es Cardio VID.<\/p><p><strong>Entre 2019 y 2024, en Cardio VID realizamos m\u00e1s de 2800 cirug\u00edas pedi\u00e1tricas y atendimos a un promedio de 404 ni\u00f1os y adolescentes hospitalizados por a\u00f1o, y tratamos a m\u00e1s de 390 de ellos en nuestra UCI pedi\u00e1trica y neonatal.<\/strong><\/p>                    <\/div>\n\t\t        \n                    <div id=\"with-your-support-tab\" class=\"clearfix eael-tab-content-item inactive\" data-title-link=\"with-your-support-tab\">\n\t\t\t\t        <p><img decoding=\"async\" class=\"wp-image-16228 alignleft\" src=\"https:\/\/vidsolidarity.org\/wp-content\/uploads\/2017\/04\/Captura-de-pantalla-2024-02-02-105559-300x256.png\" alt=\"\" width=\"231\" height=\"180\" \/><\/p><p>\u00a0<\/p><p><strong>With your support, we can keep sponsoring the treatment of 5 children per year, with an average treatment cost of USD $15.000 per child,<\/strong> Con su apoyo, podemos seguir tratando a una media de 5 ni\u00f1os al a\u00f1o, con un coste medio de tratamiento de 15 000 USD por ni\u00f1o, garantizando que reciban el tratamiento de alta complejidad que necesitan y apoyando a sus familias en t\u00e9rminos de ayuda econ\u00f3mica y acompa\u00f1amiento psicosocial.<\/p><p>\u00a0<\/p><p><strong>Nuestro objetivo para 2025 es recaudar $75.500 D\u00f3lares.<\/strong><\/p>                    <\/div>\n\t\t                    <\/div>\n        <\/div>\n\t\t\t\t<\/div>\n\t\t\t\t<\/div>\n\t\t\t\t\t<\/div>\n\t\t\t\t<\/div>\n\t\t<div data-particle_enable=\"false\" data-particle-mobile-disabled=\"false\" class=\"elementor-element elementor-element-5a34480 e-grid e-con-full e-con e-parent\" data-id=\"5a34480\" data-element_type=\"container\">\n\t\t\t\t<div class=\"elementor-element elementor-element-683a63c elementor-widget elementor-widget-progress\" data-id=\"683a63c\" data-element_type=\"widget\" data-widget_type=\"progress.default\">\n\t\t\t\t<div class=\"elementor-widget-container\">\n\t\t\t\t\t\t\t\t<span class=\"elementor-title\" id=\"elementor-progress-bar-683a63c\">\n\t\t\t\tJuntos podemos alcanzar esta meta: $75.000 d\u00f3lares\t\t\t<\/span>\n\t\t\n\t\t<div aria-labelledby=\"elementor-progress-bar-683a63c\" class=\"elementor-progress-wrapper\" role=\"progressbar\" aria-valuemin=\"0\" aria-valuemax=\"100\" aria-valuenow=\"50\" aria-valuetext=\"50% (Campaign Progress)\">\n\t\t\t<div class=\"elementor-progress-bar\" data-max=\"50\">\n\t\t\t\t<span class=\"elementor-progress-text\">Progreso de la Campa\u00f1a<\/span>\n\t\t\t\t\t\t\t\t\t<span class=\"elementor-progress-percentage\">50%<\/span>\n\t\t\t\t\t\t\t<\/div>\n\t\t<\/div>\n\t\t\t\t\t\t<\/div>\n\t\t\t\t<\/div>\n\t\t\t\t<div class=\"elementor-element elementor-element-906e5d8 elementor-align-right elementor-widget elementor-widget-button\" data-id=\"906e5d8\" data-element_type=\"widget\" data-widget_type=\"button.default\">\n\t\t\t\t<div class=\"elementor-widget-container\">\n\t\t\t\t\t\t\t\t\t<div class=\"elementor-button-wrapper\">\n\t\t\t\t\t<a class=\"elementor-button elementor-button-link elementor-size-sm\" href=\"https:\/\/pagos.vid.org.co\/donaciones\/?obra=30300&#038;campana=242\">\n\t\t\t\t\t\t<span class=\"elementor-button-content-wrapper\">\n\t\t\t\t\t\t\t\t\t<span class=\"elementor-button-text\">CLIC AQU\u00cd PARA DONAR A ESTA CAUSA<\/span>\n\t\t\t\t\t<\/span>\n\t\t\t\t\t<\/a>\n\t\t\t\t<\/div>\n\t\t\t\t\t\t\t\t<\/div>\n\t\t\t\t<\/div>\n\t\t\t\t<\/div>\n\t\t<div data-particle_enable=\"false\" data-particle-mobile-disabled=\"false\" class=\"elementor-element elementor-element-a910938 e-flex e-con-boxed e-con e-parent\" data-id=\"a910938\" data-element_type=\"container\">\n\t\t\t\t\t<div class=\"e-con-inner\">\n\t\t\t\t\t<\/div>\n\t\t\t\t<\/div>\n\t\t<div data-particle_enable=\"false\" data-particle-mobile-disabled=\"false\" class=\"elementor-element elementor-element-f34eba9 e-flex e-con-boxed e-con e-parent\" data-id=\"f34eba9\" data-element_type=\"container\">\n\t\t\t\t\t<div class=\"e-con-inner\">\n\t\t\t\t\t<\/div>\n\t\t\t\t<\/div>\n\t\t\t\t<\/div>","protected":false},"excerpt":{"rendered":"<p>Healing Hearts United of a common cause: the children treated at Cardio VID Clinic The situation Our Contribution With Your Support&#8230; It is estimated that, of the more than 135 [&hellip;]<\/p>","protected":false},"author":2,"featured_media":0,"parent":0,"menu_order":0,"comment_status":"closed","ping_status":"closed","template":"","meta":{"footnotes":""},"class_list":["post-16157","page","type-page","status-publish","hentry"],"jetpack_sharing_enabled":true,"_links":{"self":[{"href":"https:\/\/vidsolidarity.org\/es\/wp-json\/wp\/v2\/pages\/16157","targetHints":{"allow":["GET"]}}],"collection":[{"href":"https:\/\/vidsolidarity.org\/es\/wp-json\/wp\/v2\/pages"}],"about":[{"href":"https:\/\/vidsolidarity.org\/es\/wp-json\/wp\/v2\/types\/page"}],"author":[{"embeddable":true,"href":"https:\/\/vidsolidarity.org\/es\/wp-json\/wp\/v2\/users\/2"}],"replies":[{"embeddable":true,"href":"https:\/\/vidsolidarity.org\/es\/wp-json\/wp\/v2\/comments?post=16157"}],"version-history":[{"count":218,"href":"https:\/\/vidsolidarity.org\/es\/wp-json\/wp\/v2\/pages\/16157\/revisions"}],"predecessor-version":[{"id":17164,"href":"https:\/\/vidsolidarity.org\/es\/wp-json\/wp\/v2\/pages\/16157\/revisions\/17164"}],"wp:attachment":[{"href":"https:\/\/vidsolidarity.org\/es\/wp-json\/wp\/v2\/media?parent=16157"}],"curies":[{"name":"wp","href":"https:\/\/api.w.org\/{rel}","templated":true}]}}