{"id":16874,"date":"2025-02-18T14:51:04","date_gmt":"2025-02-18T19:51:04","guid":{"rendered":"https:\/\/vidsolidarity.org\/?page_id=16874"},"modified":"2025-02-25T12:03:39","modified_gmt":"2025-02-25T17:03:39","slug":"our-safe-space","status":"publish","type":"page","link":"https:\/\/vidsolidarity.org\/es\/our-safe-space\/","title":{"rendered":"Mi Espacio Seguro"},"content":{"rendered":"<div data-elementor-type=\"wp-page\" data-elementor-id=\"16874\" class=\"elementor elementor-16874\" data-elementor-post-type=\"page\">\n\t\t\t\t<div data-particle_enable=\"false\" data-particle-mobile-disabled=\"false\" class=\"elementor-element elementor-element-010d797 e-flex e-con-boxed e-con e-parent\" data-id=\"010d797\" data-element_type=\"container\">\n\t\t\t\t\t<div class=\"e-con-inner\">\n\t\t\t\t<div class=\"elementor-element elementor-element-842235a elementor-widget elementor-widget-heading\" data-id=\"842235a\" data-element_type=\"widget\" data-widget_type=\"heading.default\">\n\t\t\t\t<div class=\"elementor-widget-container\">\n\t\t\t\t\t<h2 class=\"elementor-heading-title elementor-size-default\">Mi Espacio Seguro<\/h2>\t\t\t\t<\/div>\n\t\t\t\t<\/div>\n\t\t\t\t<div class=\"elementor-element elementor-element-7f2853a elementor-widget elementor-widget-heading\" data-id=\"7f2853a\" data-element_type=\"widget\" data-widget_type=\"heading.default\">\n\t\t\t\t<div class=\"elementor-widget-container\">\n\t\t\t\t\t<h2 class=\"elementor-heading-title elementor-size-default\">United for a common cause: The children treated at VID Family Center<\/h2>\t\t\t\t<\/div>\n\t\t\t\t<\/div>\n\t\t\t\t<div class=\"elementor-element elementor-element-6ff0761 elementor-widget elementor-widget-eael-adv-tabs\" data-id=\"6ff0761\" data-element_type=\"widget\" data-widget_type=\"eael-adv-tabs.default\">\n\t\t\t\t<div class=\"elementor-widget-container\">\n\t\t\t\t\t        <div data-scroll-on-click=\"no\" data-scroll-speed=\"300\" id=\"eael-advance-tabs-6ff0761\" class=\"eael-advance-tabs eael-tabs-horizontal eael-tab-auto-active\" data-tabid=\"6ff0761\">\n            <div class=\"eael-tabs-nav\">\n                <ul class=\"eael-tab-inline-icon\" role=\"tablist\">\n                                            <li id=\"the-situation\" class=\"inactive eael-tab-item-trigger eael-tab-nav-item\" aria-selected=\"true\" data-tab=\"1\" role=\"tab\" tabindex=\"0\" aria-controls=\"the-situation-tab\" aria-expanded=\"false\">\n                            \n                                                                <svg class=\"e-font-icon-svg e-fas-bullseye\" viewbox=\"0 0 496 512\" xmlns=\"http:\/\/www.w3.org\/2000\/svg\"><path d=\"M248 8C111.03 8 0 119.03 0 256s111.03 248 248 248 248-111.03 248-248S384.97 8 248 8zm0 432c-101.69 0-184-82.29-184-184 0-101.69 82.29-184 184-184 101.69 0 184 82.29 184 184 0 101.69-82.29 184-184 184zm0-312c-70.69 0-128 57.31-128 128s57.31 128 128 128 128-57.31 128-128-57.31-128-128-128zm0 192c-35.29 0-64-28.71-64-64s28.71-64 64-64 64 28.71 64 64-28.71 64-64 64z\"><\/path><\/svg>                                                            \n                                                            <span class=\"eael-tab-title title-after-icon\" >La Problem\u00e1tica<\/span>                            \n                                                    <\/li>\n                                            <li id=\"our-contribution\" class=\"inactive eael-tab-item-trigger eael-tab-nav-item\" aria-selected=\"false\" data-tab=\"2\" role=\"tab\" tabindex=\"-1\" aria-controls=\"our-contribution-tab\" aria-expanded=\"false\">\n                            \n                                                                <svg class=\"e-font-icon-svg e-fas-laugh-beam\" viewbox=\"0 0 496 512\" xmlns=\"http:\/\/www.w3.org\/2000\/svg\"><path d=\"M248 8C111 8 0 119 0 256s111 248 248 248 248-111 248-248S385 8 248 8zm24 199.4c3.3-42.1 32.2-71.4 56-71.4s52.7 29.3 56 71.4c.7 8.6-10.8 11.9-14.9 4.5l-9.5-17c-7.7-13.7-19.2-21.6-31.5-21.6s-23.8 7.9-31.5 21.6l-9.5 17c-4.2 7.4-15.8 4.1-15.1-4.5zm-160 0c3.3-42.1 32.2-71.4 56-71.4s52.7 29.3 56 71.4c.7 8.6-10.8 11.9-14.9 4.5l-9.5-17c-7.7-13.7-19.2-21.6-31.5-21.6s-23.8 7.9-31.5 21.6l-9.5 17c-4.3 7.4-15.8 4-15.1-4.5zM398.9 306C390 377 329.4 432 256 432h-16c-73.4 0-134-55-142.9-126-1.2-9.5 6.3-18 15.9-18h270c9.6 0 17.1 8.4 15.9 18z\"><\/path><\/svg>                                                            \n                                                            <span class=\"eael-tab-title title-after-icon\" >Nuestra Contribuci\u00f3n<\/span>                            \n                                                    <\/li>\n                                            <li id=\"with-your-support\" class=\"inactive eael-tab-item-trigger eael-tab-nav-item\" aria-selected=\"false\" data-tab=\"3\" role=\"tab\" tabindex=\"-1\" aria-controls=\"with-your-support-tab\" aria-expanded=\"false\">\n                            \n                                                                <svg class=\"e-font-icon-svg e-fas-hand-holding-medical\" viewbox=\"0 0 576 512\" xmlns=\"http:\/\/www.w3.org\/2000\/svg\"><path d=\"M159.88,175.82h64v64a16,16,0,0,0,16,16h64a16,16,0,0,0,16-16v-64h64a16,16,0,0,0,16-16v-64a16,16,0,0,0-16-16h-64v-64a16,16,0,0,0-16-16h-64a16,16,0,0,0-16,16v64h-64a16,16,0,0,0-16,16v64A16,16,0,0,0,159.88,175.82ZM568.07,336.13a39.91,39.91,0,0,0-55.93-8.47L392.47,415.84H271.86a16,16,0,0,1,0-32H350.1c16,0,30.75-10.87,33.37-26.61a32.06,32.06,0,0,0-31.62-37.38h-160a117.7,117.7,0,0,0-74.12,26.25l-46.5,37.74H15.87a16.11,16.11,0,0,0-16,16v96a16.11,16.11,0,0,0,16,16h347a104.8,104.8,0,0,0,61.7-20.27L559.6,392A40,40,0,0,0,568.07,336.13Z\"><\/path><\/svg>                                                            \n                                                            <span class=\"eael-tab-title title-after-icon\" >With Your Support&#8230;<\/span>                            \n                                                    <\/li>\n                                    <\/ul>\n            <\/div>\n            \n            <div class=\"eael-tabs-content\">\n\t\t        \n                    <div id=\"the-situation-tab\" class=\"clearfix eael-tab-content-item inactive\" data-title-link=\"the-situation-tab\">\n\t\t\t\t        <p><img fetchpriority=\"high\" decoding=\"async\" class=\"alignleft wp-image-16882 size-medium\" src=\"https:\/\/vidsolidarity.org\/wp-content\/uploads\/2025\/02\/DSC08335-2-scaled-e1739910071599-300x284.jpg\" alt=\"\" width=\"300\" height=\"284\" srcset=\"https:\/\/vidsolidarity.org\/wp-content\/uploads\/2025\/02\/DSC08335-2-scaled-e1739910071599-300x284.jpg 300w, https:\/\/vidsolidarity.org\/wp-content\/uploads\/2025\/02\/DSC08335-2-scaled-e1739910071599-768x727.jpg 768w, https:\/\/vidsolidarity.org\/wp-content\/uploads\/2025\/02\/DSC08335-2-scaled-e1739910071599-13x12.jpg 13w, https:\/\/vidsolidarity.org\/wp-content\/uploads\/2025\/02\/DSC08335-2-scaled-e1739910071599-600x568.jpg 600w, https:\/\/vidsolidarity.org\/wp-content\/uploads\/2025\/02\/DSC08335-2-scaled-e1739910071599.jpg 883w\" sizes=\"(max-width: 300px) 100vw, 300px\" \/><\/p><p>\u00a0<\/p><p>De acuerdo con el Ministerio de Salud de Colombia, <strong>el 44,7% de la poblaci\u00f3n menor a 24 a\u00f1os sufre problemas de salud mental.<\/strong><\/p><p>\u00a0<\/p><p><b>Entre enero y octubre de 2024, hubo 183 casos de suicidio infantil en Colombia.<\/b>, according to Medicina Legal (National Forensics Authority), of which 56% were boys and 44% were girls.<\/p><p>\u00a0<\/p><p>El 79% de estos casos fueron llevados a cabo por adolescentes entre los 14 y los 17 a\u00f1os; 20% le ocurrieron a menores entre los 10 y los 13, mientras que el 1% ocurri\u00f3 en ni\u00f1os entre los 5 y 9 a\u00f1os.<\/p>                    <\/div>\n\t\t        \n                    <div id=\"our-contribution-tab\" class=\"clearfix eael-tab-content-item inactive\" data-title-link=\"our-contribution-tab\">\n\t\t\t\t        <p><img decoding=\"async\" class=\"wp-image-16999 alignleft\" src=\"https:\/\/vidsolidarity.org\/wp-content\/uploads\/2025\/02\/Nino-y-nina-300x258.jpg\" alt=\"\" width=\"340\" height=\"286\" data-wp-editing=\"1\" \/><\/p><p>En el<b>\u00a0Centro de Familia VID<\/b> apoyamos a menores y sus familias, ofreci\u00e9ndoles un modelo integral  que combina promoci\u00f3n, prevenci\u00f3n y actividades de formaci\u00f3n con procesos de atenci\u00f3n terap\u00e9utica personalizada de acuerdo con las necesidades espec\u00edficas de cada caso.<\/p><p>Por medio de nuestras terapias de familia <strong>buscamos habilitar un ambiente seguro en el cual el menor pueda fortalecer sus lazos, mejorar su comunicaci\u00f3n y resolver conflictos.<\/strong> Trabajamos juntos para construir unas din\u00e1micas familiares m\u00e1s sanas y armoniosas, promoviendo el bienestar de cada miembro del hogar y, especialmente, el de los ni\u00f1os.<\/p><p>Otra de nuestras aproximaciones a la actual situaci\u00f3n de salud mental de menores es la producci\u00f3n de material editorial, pedag\u00f3gico y l\u00fadico que sirve como herramienta complementaria al proceso desarrollado con los ni\u00f1os y sus familias.<\/p>                    <\/div>\n\t\t        \n                    <div id=\"with-your-support-tab\" class=\"clearfix eael-tab-content-item inactive\" data-title-link=\"with-your-support-tab\">\n\t\t\t\t        <p><img decoding=\"async\" class=\"alignleft wp-image-17017 size-medium\" src=\"https:\/\/vidsolidarity.org\/wp-content\/uploads\/2025\/02\/DSC09380-2-scaled-e1740057319438-300x271.jpg\" alt=\"\" width=\"300\" height=\"271\" srcset=\"https:\/\/vidsolidarity.org\/wp-content\/uploads\/2025\/02\/DSC09380-2-scaled-e1740057319438-300x271.jpg 300w, https:\/\/vidsolidarity.org\/wp-content\/uploads\/2025\/02\/DSC09380-2-scaled-e1740057319438-1024x925.jpg 1024w, https:\/\/vidsolidarity.org\/wp-content\/uploads\/2025\/02\/DSC09380-2-scaled-e1740057319438-768x694.jpg 768w, https:\/\/vidsolidarity.org\/wp-content\/uploads\/2025\/02\/DSC09380-2-scaled-e1740057319438-1536x1388.jpg 1536w, https:\/\/vidsolidarity.org\/wp-content\/uploads\/2025\/02\/DSC09380-2-scaled-e1740057319438-13x12.jpg 13w, https:\/\/vidsolidarity.org\/wp-content\/uploads\/2025\/02\/DSC09380-2-scaled-e1740057319438-1320x1192.jpg 1320w, https:\/\/vidsolidarity.org\/wp-content\/uploads\/2025\/02\/DSC09380-2-scaled-e1740057319438-600x542.jpg 600w, https:\/\/vidsolidarity.org\/wp-content\/uploads\/2025\/02\/DSC09380-2-scaled-e1740057319438.jpg 1583w\" sizes=\"(max-width: 300px) 100vw, 300px\" \/><\/p><p>\u00a0<\/p><p>\u00a0<\/p><p><strong>Con tu aporte, podemos seguir tratando a un promedio de 600menores por a\u00f1o, con 15 sesiones cada uno, a un costo promedio por tratamiento de $15 d\u00f3lares por sesi\u00f3n.<\/strong> ensruing an accompaniment for them to have a balanced mental health and for their families to become their safe spaces.<\/p><p>\u00a0<\/p><p><strong>Nuestra Meta para 2025 es recolectar $13.500 d\u00f3lares.<\/strong><\/p>                    <\/div>\n\t\t                    <\/div>\n        <\/div>\n\t\t\t\t<\/div>\n\t\t\t\t<\/div>\n\t\t\t\t\t<\/div>\n\t\t\t\t<\/div>\n\t\t<div data-particle_enable=\"false\" data-particle-mobile-disabled=\"false\" class=\"elementor-element elementor-element-5a34480 e-grid e-con-full e-con e-parent\" data-id=\"5a34480\" data-element_type=\"container\">\n\t\t\t\t<div class=\"elementor-element elementor-element-683a63c elementor-widget elementor-widget-progress\" data-id=\"683a63c\" data-element_type=\"widget\" data-widget_type=\"progress.default\">\n\t\t\t\t<div class=\"elementor-widget-container\">\n\t\t\t\t\t\t\t\t<span class=\"elementor-title\" id=\"elementor-progress-bar-683a63c\">\n\t\t\t\tJuntos podemos alcanzar esta meta: $13.500 d\u00f3lares\t\t\t<\/span>\n\t\t\n\t\t<div aria-labelledby=\"elementor-progress-bar-683a63c\" class=\"elementor-progress-wrapper\" role=\"progressbar\" aria-valuemin=\"0\" aria-valuemax=\"100\" aria-valuenow=\"50\" aria-valuetext=\"50% (Campaign Progress)\">\n\t\t\t<div class=\"elementor-progress-bar\" data-max=\"50\">\n\t\t\t\t<span class=\"elementor-progress-text\">Progreso de la Campa\u00f1a<\/span>\n\t\t\t\t\t\t\t\t\t<span class=\"elementor-progress-percentage\">50%<\/span>\n\t\t\t\t\t\t\t<\/div>\n\t\t<\/div>\n\t\t\t\t\t\t<\/div>\n\t\t\t\t<\/div>\n\t\t\t\t<div class=\"elementor-element elementor-element-fb47171 elementor-align-right elementor-widget elementor-widget-button\" data-id=\"fb47171\" data-element_type=\"widget\" data-widget_type=\"button.default\">\n\t\t\t\t<div class=\"elementor-widget-container\">\n\t\t\t\t\t\t\t\t\t<div class=\"elementor-button-wrapper\">\n\t\t\t\t\t<a class=\"elementor-button elementor-button-link elementor-size-sm\" href=\"https:\/\/pagos.vid.org.co\/donaciones\/?obra=30100&#038;campana=240\">\n\t\t\t\t\t\t<span class=\"elementor-button-content-wrapper\">\n\t\t\t\t\t\t\t\t\t<span class=\"elementor-button-text\">CLIC AQU\u00cd PARA DONAR A ESTA CAUSA<\/span>\n\t\t\t\t\t<\/span>\n\t\t\t\t\t<\/a>\n\t\t\t\t<\/div>\n\t\t\t\t\t\t\t\t<\/div>\n\t\t\t\t<\/div>\n\t\t\t\t<\/div>\n\t\t\t\t<\/div>","protected":false},"excerpt":{"rendered":"<p>Our Safe Space United for a common cause: The children treated at VID Family Center The Situation Our Contribution With Your Support&#8230; \u00a0 According to the Colombian Ministry of Health, [&hellip;]<\/p>","protected":false},"author":2,"featured_media":0,"parent":0,"menu_order":0,"comment_status":"closed","ping_status":"closed","template":"","meta":{"footnotes":""},"class_list":["post-16874","page","type-page","status-publish","hentry"],"jetpack_sharing_enabled":true,"_links":{"self":[{"href":"https:\/\/vidsolidarity.org\/es\/wp-json\/wp\/v2\/pages\/16874","targetHints":{"allow":["GET"]}}],"collection":[{"href":"https:\/\/vidsolidarity.org\/es\/wp-json\/wp\/v2\/pages"}],"about":[{"href":"https:\/\/vidsolidarity.org\/es\/wp-json\/wp\/v2\/types\/page"}],"author":[{"embeddable":true,"href":"https:\/\/vidsolidarity.org\/es\/wp-json\/wp\/v2\/users\/2"}],"replies":[{"embeddable":true,"href":"https:\/\/vidsolidarity.org\/es\/wp-json\/wp\/v2\/comments?post=16874"}],"version-history":[{"count":168,"href":"https:\/\/vidsolidarity.org\/es\/wp-json\/wp\/v2\/pages\/16874\/revisions"}],"predecessor-version":[{"id":17161,"href":"https:\/\/vidsolidarity.org\/es\/wp-json\/wp\/v2\/pages\/16874\/revisions\/17161"}],"wp:attachment":[{"href":"https:\/\/vidsolidarity.org\/es\/wp-json\/wp\/v2\/media?parent=16874"}],"curies":[{"name":"wp","href":"https:\/\/api.w.org\/{rel}","templated":true}]}}